{"id":9054,"date":"2024-02-09T03:32:23","date_gmt":"2024-02-09T02:32:23","guid":{"rendered":"https:\/\/test.jourdan-creation.com\/bauhinia\/?page_id=9054"},"modified":"2025-06-11T15:48:28","modified_gmt":"2025-06-11T13:48:28","slug":"nos-offres","status":"publish","type":"page","link":"https:\/\/villabauhinia.com\/en\/nos-offres\/","title":{"rendered":"Our offers"},"content":{"rendered":"<div class=\"wpb-content-wrapper\"><div data-a13-sticky-one-page-icon-title=\"\" data-vc-full-width=\"true\" data-vc-full-width-init=\"false\" data-vc-stretch-content=\"true\" class=\"vc_row wpb_row vc_row-fluid rangee-slide wpb_animate_when_almost_visible wpb_fadeIn fadeIn\"><div class=\"wpb_column vc_column_container vc_col-sm-12\"><div class=\"vc_column-inner\"><div class=\"wpb_wrapper\"><div class=\"wpb_gallery wpb_content_element vc_clearfix\" ><div class=\"wpb_wrapper\"><div class=\"wpb_gallery_slides wpb_flexslider flexslider_fade flexslider\" data-interval=\"3\" data-flex_fx=\"fade\"><ul class=\"slides\"><li><img decoding=\"async\" class=\"\" src=\"https:\/\/villabauhinia.com\/wp-content\/uploads\/2024\/02\/nos-offres-min.jpg\" width=\"2400\" height=\"1300\" alt=\"Villa Bauhinia\" title=\"Villa Bauhinia\" loading=\"lazy\" \/><\/li><li><img decoding=\"async\" class=\"\" src=\"https:\/\/villabauhinia.com\/wp-content\/uploads\/2024\/02\/activites-min.jpg\" width=\"2400\" height=\"1300\" alt=\"Piscine Villa Bauhinia location Var\" title=\"Piscine Villa Bauhinia location Var\" loading=\"lazy\" \/><\/li><li><img decoding=\"async\" class=\"\" src=\"https:\/\/villabauhinia.com\/wp-content\/uploads\/2024\/02\/activites-2-min.jpg\" width=\"2400\" height=\"1300\" alt=\"Villa Bauhinia salon\" title=\"Villa Bauhinia Salon cosy\" loading=\"lazy\" \/><\/li><\/ul><\/div><\/div><\/div><\/div><\/div><\/div><\/div><div class=\"vc_row-full-width vc_clearfix\"><\/div><div data-a13-sticky-one-page-icon-title=\"\" data-vc-full-width=\"true\" data-vc-full-width-init=\"false\" class=\"vc_row wpb_row vc_row-fluid rangee-contact-1 wpb_animate_when_almost_visible wpb_fadeIn fadeIn vc_row-o-content-middle vc_row-flex\"><div class=\"wpb_column vc_column_container vc_col-sm-12\"><div class=\"vc_column-inner\"><div class=\"wpb_wrapper\">\r\n\t<div  class=\"wpb_single_image wpb_content_element vc_align_center   fleur\">\r\n\t\t\r\n\t\t<figure class=\"wpb_wrapper vc_figure\">\r\n\t\t\t<div class=\"vc_single_image-wrapper   vc_box_border_grey\"><img loading=\"lazy\" decoding=\"async\" width=\"179\" height=\"146\" src=\"https:\/\/villabauhinia.com\/wp-content\/uploads\/2023\/11\/fleur-villa.png\" class=\"vc_single_image-img attachment-full\" alt=\"Villa Bauhinia\" title=\"Villa Bauhinia\" \/><\/div>\r\n\t\t<\/figure>\r\n\t<\/div>\r\n<h1 style=\"text-align: center\"  class=\"vc_custom_heading fleur-tiret-bas\" >Nos offres \u00e0 la Villa Bauhinia en Provence<\/h1><\/div><\/div><\/div><\/div><div class=\"vc_row-full-width vc_clearfix\"><\/div><div data-a13-sticky-one-page-icon-title=\"\" id=\"location-saisonniere\" data-vc-full-width=\"true\" data-vc-full-width-init=\"false\" class=\"vc_row wpb_row vc_row-fluid cadre-nos-offres wpb_animate_when_almost_visible wpb_fadeIn fadeIn vc_row-o-equal-height vc_row-o-content-middle vc_row-flex\"><div class=\"wpb_column vc_column_container vc_col-sm-12\"><div class=\"vc_column-inner\"><div class=\"wpb_wrapper\"><div class=\"vc_row wpb_row vc_inner vc_row-fluid vc_row-o-equal-height vc_row-o-content-middle vc_row-flex\"><div class=\"col1 wpb_column vc_column_container vc_col-sm-7\"><div class=\"vc_column-inner\"><div class=\"wpb_wrapper\">\r\n\t<div  class=\"wpb_single_image wpb_content_element vc_align_center  wpb_animate_when_almost_visible wpb_fadeIn fadeIn vc_custom_1717199016246\">\r\n\t\t\r\n\t\t<figure class=\"wpb_wrapper vc_figure\">\r\n\t\t\t<div class=\"vc_single_image-wrapper   vc_box_border_grey\"><img decoding=\"async\" class=\"vc_img-placeholder vc_single_image-img\" src=\"https:\/\/villabauhinia.com\/wp-content\/plugins\/js_composer\/assets\/vc\/no_image.png\" \/><\/div>\r\n\t\t<\/figure>\r\n\t<\/div>\r\n<\/div><\/div><\/div><div class=\"col2 wpb_column vc_column_container vc_col-sm-5\"><div class=\"vc_column-inner\"><div class=\"wpb_wrapper\">\r\n\t<div  class=\"wpb_single_image wpb_content_element vc_align_center   fleur\">\r\n\t\t\r\n\t\t<figure class=\"wpb_wrapper vc_figure\">\r\n\t\t\t<div class=\"vc_single_image-wrapper   vc_box_border_grey\"><img loading=\"lazy\" decoding=\"async\" width=\"179\" height=\"146\" src=\"https:\/\/villabauhinia.com\/wp-content\/uploads\/2023\/11\/fleur-villa.png\" class=\"vc_single_image-img attachment-full\" alt=\"Villa Bauhinia\" title=\"Villa Bauhinia\" \/><\/div>\r\n\t\t<\/figure>\r\n\t<\/div>\r\n<h2 style=\"text-align: center\"  class=\"vc_custom_heading fleur-tiret-bas\" >Location saisonni\u00e8re de luxe dans le Var<\/h2>\r\n\t<div class=\"wpb_text_column wpb_content_element\" >\r\n\t\t<div class=\"wpb_wrapper\">\r\n\t\t\t<p>La <a href=\"https:\/\/villabauhinia.com\/en\/la-villa\/\" target=\"_blank\" rel=\"noopener\">Villa Bauhinia<\/a> peut accueillir jusqu\u2019\u00e0 <strong>10 adultes<\/strong>. Elle est \u00e9quip\u00e9e de tout le confort n\u00e9cessaire pour passer des vacances inoubliables. Une prestation haut de gamme qui satisfera vos attentes.<br \/>\nElle offre un <a href=\"https:\/\/villabauhinia.com\/en\/les-exterieurs\/\" target=\"_blank\" rel=\"noopener\">cadre exceptionnel<\/a> et de nombreux <strong>espaces et terrasses ext\u00e9rieurs<\/strong> qui permettent de s\u2019installer \u00e0 plusieurs ou bien de s\u2019isoler pour se reposer paisiblement.<\/p>\n\r\n\t\t<\/div>\r\n\t<\/div>\r\n<div class=\"vc_btn3-container vc_btn3-center\" ><a class=\"vc_general vc_btn3 vc_btn3-size-md vc_btn3-shape-square vc_btn3-style-flat vc_btn3-color-white\" href=\"https:\/\/villabauhinia.com\/en\/demande-de-reservation\/\" title=\"Contact\" rel=\"nofollow\">Contact us<\/a><\/div><\/div><\/div><\/div><\/div><\/div><\/div><\/div><\/div><div class=\"vc_row-full-width vc_clearfix\"><\/div><div data-a13-sticky-one-page-icon-title=\"\" data-vc-full-width=\"true\" data-vc-full-width-init=\"false\" class=\"vc_row wpb_row vc_row-fluid ligne-offres wpb_animate_when_almost_visible wpb_fadeIn fadeIn vc_custom_1707517531065 vc_row-has-fill\"><div class=\"wpb_column vc_column_container vc_col-sm-12\"><div class=\"vc_column-inner\"><div class=\"wpb_wrapper\"><h2 style=\"text-align: left\"  class=\"vc_custom_heading\" >Les petits plus de la location saisonni\u00e8re dans le Golfe de St Tropez<\/h2>\r\n\t<div class=\"wpb_text_column wpb_content_element\" >\r\n\t\t<div class=\"wpb_wrapper\">\r\n\t\t\t<p>Notre cocon est un v\u00e9ritable <strong>havre de paix<\/strong> qui vous garantit des vacances reposantes loin de la foule, tout en \u00e9tant \u00e0 deux pas du village du <strong>Plan-de-la-Tour,<\/strong> et non loin des plus belles <a href=\"https:\/\/villabauhinia.com\/en\/experiences\/en-provence\/\" target=\"_blank\" rel=\"noopener\">plages du Var<\/a>. \u00c9tant sur place, tout en respectant votre intimit\u00e9, nous serons heureux de pouvoir vous assister \u00e0 l\u2019organisation de votre s\u00e9jour \u00e0 la Villa Bauhinia si vous le souhaitez. Vous b\u00e9n\u00e9ficiez des prestations suivantes :<\/p>\n<ul>\n<li><span style=\"font-weight: 400;\">Grande capacit\u00e9 d\u2019accueil (jusqu\u2019\u00e0 10 adultes)<\/span><\/li>\n<li><a href=\"https:\/\/villabauhinia.com\/en\/les-exterieurs\/\" target=\"_blank\" rel=\"noopener\">Piscine priv\u00e9e<\/a>, terrasses, cuisine \u00e9quip\u00e9e et espaces de d\u00e9tente<\/li>\n<li>\u00c0 deux pas du village du Plan-de-la-Tour et proche des <strong>plages du Golfe de Saint-Tropez<\/strong><\/li>\n<li><strong>Assistance sur place<\/strong> pour organiser votre s\u00e9jour si souhait\u00e9.<\/li>\n<\/ul>\n\r\n\t\t<\/div>\r\n\t<\/div>\r\n<\/div><\/div><\/div><\/div><div class=\"vc_row-full-width vc_clearfix\"><\/div><div data-a13-sticky-one-page-icon-title=\"\" id=\"formations\" data-vc-full-width=\"true\" data-vc-full-width-init=\"false\" class=\"vc_row wpb_row vc_row-fluid cadre-nos-offres wpb_animate_when_almost_visible wpb_fadeIn fadeIn vc_row-o-equal-height vc_row-o-content-middle vc_row-flex\"><div class=\"wpb_column vc_column_container vc_col-sm-12\"><div class=\"vc_column-inner\"><div class=\"wpb_wrapper\"><div class=\"vc_row wpb_row vc_inner vc_row-fluid vc_row-o-equal-height vc_row-o-content-middle vc_row-flex\"><div class=\"col1 wpb_column vc_column_container vc_col-sm-7\"><div class=\"vc_column-inner\"><div class=\"wpb_wrapper\">\r\n\t<div  class=\"wpb_single_image wpb_content_element vc_align_center  wpb_animate_when_almost_visible wpb_fadeIn fadeIn vc_custom_1717199094103\">\r\n\t\t\r\n\t\t<figure class=\"wpb_wrapper vc_figure\">\r\n\t\t\t<div class=\"vc_single_image-wrapper   vc_box_border_grey\"><img decoding=\"async\" class=\"vc_img-placeholder vc_single_image-img\" src=\"https:\/\/villabauhinia.com\/wp-content\/plugins\/js_composer\/assets\/vc\/no_image.png\" \/><\/div>\r\n\t\t<\/figure>\r\n\t<\/div>\r\n<\/div><\/div><\/div><div class=\"col2 wpb_column vc_column_container vc_col-sm-5\"><div class=\"vc_column-inner\"><div class=\"wpb_wrapper\">\r\n\t<div  class=\"wpb_single_image wpb_content_element vc_align_center   fleur\">\r\n\t\t\r\n\t\t<figure class=\"wpb_wrapper vc_figure\">\r\n\t\t\t<div class=\"vc_single_image-wrapper   vc_box_border_grey\"><img loading=\"lazy\" decoding=\"async\" width=\"179\" height=\"146\" src=\"https:\/\/villabauhinia.com\/wp-content\/uploads\/2023\/11\/fleur-villa.png\" class=\"vc_single_image-img attachment-full\" alt=\"Villa Bauhinia\" title=\"Villa Bauhinia\" \/><\/div>\r\n\t\t<\/figure>\r\n\t<\/div>\r\n<h2 style=\"text-align: center\"  class=\"vc_custom_heading fleur-tiret-bas\" >Formations, s\u00e9minaires &amp; retraites bien-\u00eatre dans le Var<\/h2>\r\n\t<div class=\"wpb_text_column wpb_content_element\" >\r\n\t\t<div class=\"wpb_wrapper\">\r\n\t\t\t<p>La <strong>Villa Bauhinia<\/strong> est le lieu id\u00e9al pour organiser vos formations, retraites bien-\u00eatre ou encore <strong>s\u00e9minaires<\/strong>, pour un petit groupe<strong> de 6 \u00e0 10 personnes<\/strong>. <span style=\"font-weight: 400;\">La villa offre un environnement immersif propice \u00e0 l\u2019introspection, au <strong>travail collaboratif<\/strong> et \u00e0 la cr\u00e9ativit\u00e9.<\/span><br \/>\nFor small groups of 6 to 10 people while providing an immersive setting conducive to learning and personal growth.<\/p>\n\r\n\t\t<\/div>\r\n\t<\/div>\r\n<div class=\"vc_btn3-container vc_btn3-center\" ><a class=\"vc_general vc_btn3 vc_btn3-size-md vc_btn3-shape-square vc_btn3-style-flat vc_btn3-color-white\" href=\"https:\/\/villabauhinia.com\/en\/contact\/#formulaire-de-contact\" title=\"Contact\" rel=\"nofollow\">Contact us<\/a><\/div><\/div><\/div><\/div><\/div><\/div><\/div><\/div><\/div><div class=\"vc_row-full-width vc_clearfix\"><\/div><div data-a13-sticky-one-page-icon-title=\"\" data-vc-full-width=\"true\" data-vc-full-width-init=\"false\" class=\"vc_row wpb_row vc_row-fluid ligne-offres wpb_animate_when_almost_visible wpb_fadeIn fadeIn vc_custom_1707517547933 vc_row-has-fill\"><div class=\"wpb_column vc_column_container vc_col-sm-12\"><div class=\"vc_column-inner\"><div class=\"wpb_wrapper\"><h2 style=\"text-align: left\"  class=\"vc_custom_heading\" >Un cadre inspirant pour vos stages<\/h2>\r\n\t<div class=\"wpb_text_column wpb_content_element\" >\r\n\t\t<div class=\"wpb_wrapper\">\r\n\t\t\t<p>Les domaines du <strong>bien-\u00eatre<\/strong> et de la <strong>connaissance de soi<\/strong> nous tiennent particuli\u00e8rement \u00e0 c\u0153ur et notre souhait est que les personnes qui vivent des <strong>stages<\/strong> \u00e0 la villa en ressortent grandis et inspir\u00e9s pour mieux guider leur vie et \u00eatre plus en phase avec elles-m\u00eames, avec :<\/p>\n<ul>\n<li><span style=\"font-weight: 400;\">Des espaces int\u00e9rieurs &amp; ext\u00e9rieurs calmes et lumineux<\/span><\/li>\n<li><span style=\"font-weight: 400;\">La possibilit\u00e9 d\u2019am\u00e9nager la villa selon vos besoins<\/span><\/li>\n<li><span style=\"font-weight: 400;\">Des <a href=\"https:\/\/villabauhinia.com\/en\/experiences\/a-la-villa\/\" target=\"_blank\" rel=\"noopener\">th\u00e9matiques personnalisables<\/a> : bien-\u00eatre, d\u00e9veloppement personnel, arts, etc.<\/span><\/li>\n<\/ul>\n\r\n\t\t<\/div>\r\n\t<\/div>\r\n<\/div><\/div><\/div><\/div><div class=\"vc_row-full-width vc_clearfix\"><\/div><div data-a13-sticky-one-page-icon-title=\"\" id=\"evenements\" data-vc-full-width=\"true\" data-vc-full-width-init=\"false\" class=\"vc_row wpb_row vc_row-fluid cadre-nos-offres wpb_animate_when_almost_visible wpb_fadeIn fadeIn vc_row-o-equal-height vc_row-o-content-middle vc_row-flex\"><div class=\"wpb_column vc_column_container vc_col-sm-12\"><div class=\"vc_column-inner\"><div class=\"wpb_wrapper\"><div class=\"vc_row wpb_row vc_inner vc_row-fluid vc_row-o-equal-height vc_row-o-content-middle vc_row-flex\"><div class=\"col1 wpb_column vc_column_container vc_col-sm-7\"><div class=\"vc_column-inner\"><div class=\"wpb_wrapper\">\r\n\t<div  class=\"wpb_single_image wpb_content_element vc_align_center  wpb_animate_when_almost_visible wpb_fadeIn fadeIn vc_custom_1717199117512\">\r\n\t\t\r\n\t\t<figure class=\"wpb_wrapper vc_figure\">\r\n\t\t\t<div class=\"vc_single_image-wrapper   vc_box_border_grey\"><img decoding=\"async\" class=\"vc_img-placeholder vc_single_image-img\" src=\"https:\/\/villabauhinia.com\/wp-content\/plugins\/js_composer\/assets\/vc\/no_image.png\" \/><\/div>\r\n\t\t<\/figure>\r\n\t<\/div>\r\n<\/div><\/div><\/div><div class=\"col2 wpb_column vc_column_container vc_col-sm-5\"><div class=\"vc_column-inner\"><div class=\"wpb_wrapper\">\r\n\t<div  class=\"wpb_single_image wpb_content_element vc_align_center   fleur\">\r\n\t\t\r\n\t\t<figure class=\"wpb_wrapper vc_figure\">\r\n\t\t\t<div class=\"vc_single_image-wrapper   vc_box_border_grey\"><img loading=\"lazy\" decoding=\"async\" width=\"179\" height=\"146\" src=\"https:\/\/villabauhinia.com\/wp-content\/uploads\/2023\/11\/fleur-villa.png\" class=\"vc_single_image-img attachment-full\" alt=\"Villa Bauhinia\" title=\"Villa Bauhinia\" \/><\/div>\r\n\t\t<\/figure>\r\n\t<\/div>\r\n<h2 style=\"text-align: center\"  class=\"vc_custom_heading fleur-tiret-bas\" >\u00c9v\u00e9nements &amp; tournages au c\u0153ur de la nature<\/h2>\r\n\t<div class=\"wpb_text_column wpb_content_element\" >\r\n\t\t<div class=\"wpb_wrapper\">\r\n\t\t\t<p><span style=\"font-weight: 400;\">La Villa Bauhinia offre un <strong>d\u00e9cor unique<\/strong> pour des <strong>s\u00e9ances photos, vid\u00e9os,<\/strong> <strong>\u00e9v\u00e9nements priv\u00e9s ou professionnels,<\/strong> avec une lumi\u00e8re naturelle exceptionnelle et une atmosph\u00e8re apaisante.<\/span><\/p>\n\r\n\t\t<\/div>\r\n\t<\/div>\r\n<div class=\"vc_btn3-container vc_btn3-center\" ><a class=\"vc_general vc_btn3 vc_btn3-size-md vc_btn3-shape-square vc_btn3-style-flat vc_btn3-color-white\" href=\"https:\/\/villabauhinia.com\/en\/contact\/#formulaire-de-contact\" title=\"Contact\" rel=\"nofollow\">Contact us<\/a><\/div><\/div><\/div><\/div><\/div><\/div><\/div><\/div><\/div><div class=\"vc_row-full-width vc_clearfix\"><\/div><div data-a13-sticky-one-page-icon-title=\"\" data-vc-full-width=\"true\" data-vc-full-width-init=\"false\" class=\"vc_row wpb_row vc_row-fluid ligne-offres wpb_animate_when_almost_visible wpb_fadeIn fadeIn vc_custom_1707517559979 vc_row-has-fill\"><div class=\"wpb_column vc_column_container vc_col-sm-12\"><div class=\"vc_column-inner\"><div class=\"wpb_wrapper\"><h2 style=\"text-align: left\"  class=\"vc_custom_heading\" >Des prestations pour les professionnels sur mesure<\/h2>\r\n\t<div class=\"wpb_text_column wpb_content_element\" >\r\n\t\t<div class=\"wpb_wrapper\">\r\n\t\t\t<p>Que cela soit pour un <strong>tournage cin\u00e9matographique,<\/strong> un <strong>\u00e9v\u00e9nement, un s\u00e9minaire<\/strong> ou une <strong>r\u00e9union professionnelle<\/strong>, la Villa Bauhinia vous offre un refuge qui favorise apaisement et inspiration.<\/p>\n<ul>\n<li><span style=\"font-weight: 400;\">1 hectare de terrain paysag\u00e9, int\u00e9rieurs d\u00e9cor\u00e9s avec go\u00fbt<\/span><\/li>\n<li><span style=\"font-weight: 400;\">Accompagnement logistique sur demande<\/span><\/li>\n<li><span style=\"font-weight: 400;\">Id\u00e9al pour cr\u00e9er, c\u00e9l\u00e9brer ou se reconnecter<\/span><\/li>\n<\/ul>\n<p><a href=\"https:\/\/villabauhinia.com\/en\/demande-de-reservation\/\" target=\"_blank\" rel=\"noopener\"><span style=\"font-weight: 400;\">R\u00e9servez votre \u00e9v\u00e9nement !<\/span><\/a><\/p>\n<p><span style=\"font-weight: 400;\"><strong>Contactez-nous<\/strong> pour organiser votre location, s\u00e9minaire ou \u00e9v\u00e9nement sur mesure \u00e0 la Villa Bauhinia, au c\u0153ur du<strong> Golfe de Saint-Tropez<\/strong>. <\/span>Nous nous tiendrons \u00e0 votre disposition pour toute organisation logistique ou encore vous fournir des id\u00e9es, nous en d\u00e9bordons !<\/p>\n\r\n\t\t<\/div>\r\n\t<\/div>\r\n<\/div><\/div><\/div><\/div><div class=\"vc_row-full-width vc_clearfix\"><\/div><div data-a13-sticky-one-page-icon-title=\"\" data-vc-full-width=\"true\" data-vc-full-width-init=\"false\" data-vc-stretch-content=\"true\" class=\"vc_row wpb_row vc_row-fluid rangee-insta wpb_animate_when_almost_visible wpb_fadeIn fadeIn vc_custom_1700485796588 vc_row-has-fill\"><div class=\"wpb_column vc_column_container vc_col-sm-12\"><div class=\"vc_column-inner\"><div class=\"wpb_wrapper\">\r\n\t<div  class=\"wpb_single_image wpb_content_element vc_align_center   fleur\">\r\n\t\t\r\n\t\t<figure class=\"wpb_wrapper vc_figure\">\r\n\t\t\t<div class=\"vc_single_image-wrapper   vc_box_border_grey\"><img loading=\"lazy\" decoding=\"async\" width=\"179\" height=\"146\" src=\"https:\/\/villabauhinia.com\/wp-content\/uploads\/2023\/11\/fleur-villa.png\" class=\"vc_single_image-img attachment-full\" alt=\"Villa Bauhinia\" title=\"Villa Bauhinia\" \/><\/div>\r\n\t\t<\/figure>\r\n\t<\/div>\r\n<h2 style=\"text-align: center\"  class=\"vc_custom_heading fleur-tiret-bas\" ><a href=\"https:\/\/www.instagram.com\/villabauhinia\/\" target=\"_blank\" title=\"La Villa Bauhinia sur Instagram\">Follow Villa Bauhinia on Instagram<\/a><\/h2><h3 style=\"text-align: center;font-family:Dancing Script;font-weight:400;font-style:normal\"  class=\"vc_custom_heading\" ><a href=\"https:\/\/www.instagram.com\/villabauhinia\/\" target=\"_blank\" title=\"Villa Bauhinia sur Instagram\">@villabauhinia<\/a><\/h3>\r\n\t<div class=\"wpb_raw_code wpb_content_element wpb_raw_html\" >\r\n\t\t<div class=\"wpb_wrapper\">\r\n\t\t\t<div class=\"elfsight-app-f9326da5-4a88-4fd4-adb0-286dac852f3d\" data-elfsight-app-lazy><\/div>\r\n\t\t<\/div>\r\n\t<\/div>\r\n<\/div><\/div><\/div><\/div><div class=\"vc_row-full-width vc_clearfix\"><\/div>\n<\/div>","protected":false},"excerpt":{"rendered":"Nos offres \u00e0 la Villa Bauhinia en Provence Location saisonni\u00e8re de luxe dans le Var La Villa Bauhinia peut accueillir jusqu\u2019\u00e0 10 adultes. Elle&hellip;\r\n <p> <a class=\"more-link\" href=\"https:\/\/villabauhinia.com\/en\/nos-offres\/\">Read more<\/a><\/p>","protected":false},"author":1,"featured_media":0,"parent":0,"menu_order":0,"comment_status":"closed","ping_status":"closed","template":"","meta":{"footnotes":""},"class_list":["post-9054","page","type-page","status-publish"],"aioseo_notices":[],"_links":{"self":[{"href":"https:\/\/villabauhinia.com\/en\/wp-json\/wp\/v2\/pages\/9054","targetHints":{"allow":["GET"]}}],"collection":[{"href":"https:\/\/villabauhinia.com\/en\/wp-json\/wp\/v2\/pages"}],"about":[{"href":"https:\/\/villabauhinia.com\/en\/wp-json\/wp\/v2\/types\/page"}],"author":[{"embeddable":true,"href":"https:\/\/villabauhinia.com\/en\/wp-json\/wp\/v2\/users\/1"}],"replies":[{"embeddable":true,"href":"https:\/\/villabauhinia.com\/en\/wp-json\/wp\/v2\/comments?post=9054"}],"version-history":[{"count":37,"href":"https:\/\/villabauhinia.com\/en\/wp-json\/wp\/v2\/pages\/9054\/revisions"}],"predecessor-version":[{"id":9870,"href":"https:\/\/villabauhinia.com\/en\/wp-json\/wp\/v2\/pages\/9054\/revisions\/9870"}],"wp:attachment":[{"href":"https:\/\/villabauhinia.com\/en\/wp-json\/wp\/v2\/media?parent=9054"}],"curies":[{"name":"wp","href":"https:\/\/api.w.org\/{rel}","templated":true}]}}