{"id":9413,"date":"2024-02-21T00:10:38","date_gmt":"2024-02-20T23:10:38","guid":{"rendered":"https:\/\/test.jourdan-creation.com\/bauhinia\/?page_id=9413"},"modified":"2025-05-04T12:35:59","modified_gmt":"2025-05-04T10:35:59","slug":"notre-histoire","status":"publish","type":"page","link":"https:\/\/villabauhinia.com\/en\/notre-histoire\/","title":{"rendered":"Our story"},"content":{"rendered":"<div class=\"wpb-content-wrapper\"><div data-a13-sticky-one-page-icon-title=\"\" data-vc-full-width=\"true\" data-vc-full-width-init=\"false\" data-vc-stretch-content=\"true\" class=\"vc_row wpb_row vc_row-fluid rangee-slide wpb_animate_when_almost_visible wpb_fadeIn fadeIn\"><div class=\"wpb_column vc_column_container vc_col-sm-12\"><div class=\"vc_column-inner\"><div class=\"wpb_wrapper\"><div class=\"wpb_gallery wpb_content_element vc_clearfix\" ><div class=\"wpb_wrapper\"><div class=\"wpb_gallery_slides wpb_flexslider flexslider_fade flexslider\" data-interval=\"3\" data-flex_fx=\"fade\"><ul class=\"slides\"><li><img decoding=\"async\" class=\"\" src=\"https:\/\/villabauhinia.com\/wp-content\/uploads\/2024\/02\/notre-histoire-2-min.jpg\" width=\"2400\" height=\"1300\" alt=\"Villa Bauhinia\" title=\"Villa Bauhinia\" loading=\"lazy\" \/><\/li><li><img decoding=\"async\" class=\"\" src=\"https:\/\/villabauhinia.com\/wp-content\/uploads\/2024\/02\/notre-histoire-1-min.jpg\" width=\"2400\" height=\"1300\" alt=\"Villa Bauhinia | Location Golfe de St-Tropez\" title=\"Villa Bauhinia\" loading=\"lazy\" \/><\/li><li><img decoding=\"async\" class=\"\" src=\"https:\/\/villabauhinia.com\/wp-content\/uploads\/2024\/02\/notre-histoire-3-min.jpg\" width=\"2400\" height=\"1300\" alt=\"Villa Bauhinia\" title=\"Villa Bauhinia\" loading=\"lazy\" \/><\/li><\/ul><\/div><\/div><\/div><\/div><\/div><\/div><\/div><div class=\"vc_row-full-width vc_clearfix\"><\/div><div data-a13-sticky-one-page-icon-title=\"\" id=\"rangee-intro-les-chambres\" data-vc-full-width=\"true\" data-vc-full-width-init=\"false\" class=\"vc_row wpb_row vc_row-fluid rangee-contact-1 wpb_animate_when_almost_visible wpb_fadeIn fadeIn vc_row-o-content-middle vc_row-flex\"><div class=\"wpb_column vc_column_container vc_col-sm-12\"><div class=\"vc_column-inner\"><div class=\"wpb_wrapper\">\r\n\t<div  class=\"wpb_single_image wpb_content_element vc_align_center   fleur\">\r\n\t\t\r\n\t\t<figure class=\"wpb_wrapper vc_figure\">\r\n\t\t\t<div class=\"vc_single_image-wrapper   vc_box_border_grey\"><img loading=\"lazy\" decoding=\"async\" width=\"179\" height=\"146\" src=\"https:\/\/villabauhinia.com\/wp-content\/uploads\/2023\/11\/fleur-villa.png\" class=\"vc_single_image-img attachment-full\" alt=\"Villa Bauhinia\" title=\"Villa Bauhinia\" \/><\/div>\r\n\t\t<\/figure>\r\n\t<\/div>\r\n<h1 style=\"text-align: center\"  class=\"vc_custom_heading fleur-tiret-bas\" >Notre Histoire : Villa Bauhinia, un lieu d\u2019exception dans le Golfe de Saint-Tropez<\/h1><\/div><\/div><\/div><\/div><div class=\"vc_row-full-width vc_clearfix\"><\/div><div data-a13-sticky-one-page-icon-title=\"\" id=\"ligne1\" data-vc-full-width=\"true\" data-vc-full-width-init=\"false\" data-vc-stretch-content=\"true\" class=\"vc_row wpb_row vc_row-fluid rangee-home-1-a wpb_animate_when_almost_visible wpb_fadeIn fadeIn vc_custom_1708473213406 vc_row-has-fill vc_row-o-content-middle vc_row-flex\"><div class=\"col1 wpb_column vc_column_container vc_col-sm-6\"><div class=\"vc_column-inner\"><div class=\"wpb_wrapper\">\r\n\t<div  class=\"wpb_single_image wpb_content_element vc_align_center   fleur\">\r\n\t\t\r\n\t\t<figure class=\"wpb_wrapper vc_figure\">\r\n\t\t\t<div class=\"vc_single_image-wrapper   vc_box_border_grey\"><img loading=\"lazy\" decoding=\"async\" width=\"179\" height=\"146\" src=\"https:\/\/villabauhinia.com\/wp-content\/uploads\/2023\/11\/fleur-villa.png\" class=\"vc_single_image-img attachment-full\" alt=\"Villa Bauhinia\" title=\"Villa Bauhinia\" \/><\/div>\r\n\t\t<\/figure>\r\n\t<\/div>\r\n<h2 style=\"text-align: center\"  class=\"vc_custom_heading fleur-tiret-bas\" >Nature as a source of inspiration<\/h2>\r\n\t<div class=\"wpb_text_column wpb_content_element\" >\r\n\t\t<div class=\"wpb_wrapper\">\r\n\t\t\t<p>La nature a toujours \u00e9t\u00e9 notre <strong>source d\u2019inspiration<\/strong> et de ressourcement. Elle nous aide \u00e0 rester ancr\u00e9s dans un monde qui va souvent trop vite. La villa est situ\u00e9e dans un <strong>cadre naturel magnifique<\/strong>, offrant une proximit\u00e9 unique avec la nature.<\/p>\n<p>Nich\u00e9e en bordure du <strong>massif des Maures<\/strong>, elle vous bercera au fil des saisons avec le concert des oiseaux, le souffle du vent dans les feuilles, le murmure de la rivi\u00e8re qui coule, le bourdonnement des abeilles qui butinent ou encore le chant des grillons et les cigales lors des longues journ\u00e9es d\u2019\u00e9t\u00e9.<\/p>\n<p>Nous croyons que cet environnement contribue \u00e0 cr\u00e9er une <strong>exp\u00e9rience exceptionnelle<\/strong> pour nos h\u00f4tes.<\/p>\n<p>Whether you choose to explore the region or linger within the property, nature's embrace is yours to savor at your leisure.<\/p>\n\r\n\t\t<\/div>\r\n\t<\/div>\r\n<\/div><\/div><\/div><div data-vc-parallax=\"1.5\" data-vc-parallax-image=\"https:\/\/villabauhinia.com\/wp-content\/uploads\/2024\/02\/exterieurs-6-min.jpg\" class=\"col2 wpb_column vc_column_container vc_col-sm-6 vc_col-has-fill vc_general vc_parallax vc_parallax-content-moving\"><div class=\"vc_column-inner\"><div class=\"wpb_wrapper\"><\/div><\/div><\/div><\/div><div class=\"vc_row-full-width vc_clearfix\"><\/div><div data-a13-sticky-one-page-icon-title=\"\" id=\"ligne2\" data-vc-full-width=\"true\" data-vc-full-width-init=\"false\" data-vc-stretch-content=\"true\" class=\"vc_row wpb_row vc_row-fluid rangee-home-1-b wpb_animate_when_almost_visible wpb_fadeIn fadeIn vc_custom_1708473230352 vc_row-has-fill vc_row-o-content-middle vc_row-flex\"><div data-vc-parallax=\"1\" data-vc-parallax-image=\"https:\/\/villabauhinia.com\/wp-content\/uploads\/2024\/04\/sylvie-david-min.jpg\" class=\"col1 wpb_column vc_column_container vc_col-sm-6 vc_col-has-fill vc_general vc_parallax vc_parallax-content-moving\"><div class=\"vc_column-inner\"><div class=\"wpb_wrapper\"><\/div><\/div><\/div><div class=\"col2 wpb_column vc_column_container vc_col-sm-6\"><div class=\"vc_column-inner\"><div class=\"wpb_wrapper\">\r\n\t<div  class=\"wpb_single_image wpb_content_element vc_align_center   fleur\">\r\n\t\t\r\n\t\t<figure class=\"wpb_wrapper vc_figure\">\r\n\t\t\t<div class=\"vc_single_image-wrapper   vc_box_border_grey\"><img loading=\"lazy\" decoding=\"async\" width=\"179\" height=\"146\" src=\"https:\/\/villabauhinia.com\/wp-content\/uploads\/2023\/11\/fleur-villa.png\" class=\"vc_single_image-img attachment-full\" alt=\"Villa Bauhinia\" title=\"Villa Bauhinia\" \/><\/div>\r\n\t\t<\/figure>\r\n\t<\/div>\r\n<h2 style=\"text-align: center\"  class=\"vc_custom_heading fleur-tiret-bas\" >The story of a magical place<\/h2>\r\n\t<div class=\"wpb_text_column wpb_content_element\" >\r\n\t\t<div class=\"wpb_wrapper\">\r\n\t\t\t<p>It all started on a sunny day, on the 8th of april 2021, when we first set foot in this absolutely magical property.<\/p>\n<p>Nous \u00e9tions subjugu\u00e9s par <strong>beaut\u00e9 du lieu<\/strong> et de la <strong>nature environnante<\/strong>, enivr\u00e9 de l\u2019\u00e9nergie qui s\u2019en d\u00e9gageait et du bonheur imm\u00e9diat qu\u2019elle nous procurait. Nos c\u0153urs battaient la chamade, nous savions d\u00e8s cet instant que notre r\u00eave prendrait vie ici. Nous reprendrions le flambeau de cet endroit que ce couple amoureux jusqu\u2019au bout de leur vie avait construit en respectant cette nature magnifique. <strong>Notre r\u00eave<\/strong> \u00e9tait sur le point de se r\u00e9aliser.<\/p>\n<p>Through the various stages of the renovation process, we shared our experiences with family and friends which reinforced our determination and passion.\u00a0This period of time really gave us the moment to reveal our true and deepest aspirations.<\/p>\n<p>Nous voulions que chaque personne qui franchisse le seuil de la villa se sente accueillie et <strong>imm\u00e9diatement chez elle<\/strong>, qu\u2019elle s\u2019impr\u00e8gne de la nature environnante tout en savourant le<strong> luxe discret<\/strong> que la villa offre : un cadre de nature exceptionnel, une opportunit\u00e9 de <strong>se d\u00e9connecter<\/strong> pour mieux se reconnecter, un lieu propice \u00e0 l\u2019expression artistique et physique&#8230;<\/p>\n\r\n\t\t<\/div>\r\n\t<\/div>\r\n<\/div><\/div><\/div><\/div><div class=\"vc_row-full-width vc_clearfix\"><\/div><div data-a13-sticky-one-page-icon-title=\"\" id=\"ligne3\" data-vc-full-width=\"true\" data-vc-full-width-init=\"false\" data-vc-stretch-content=\"true\" class=\"vc_row wpb_row vc_row-fluid rangee-home-1-a wpb_animate_when_almost_visible wpb_fadeIn fadeIn vc_custom_1708473305095 vc_row-has-fill vc_row-o-content-middle vc_row-flex\"><div class=\"col1 wpb_column vc_column_container vc_col-sm-6\"><div class=\"vc_column-inner\"><div class=\"wpb_wrapper\">\r\n\t<div  class=\"wpb_single_image wpb_content_element vc_align_center   fleur\">\r\n\t\t\r\n\t\t<figure class=\"wpb_wrapper vc_figure\">\r\n\t\t\t<div class=\"vc_single_image-wrapper   vc_box_border_grey\"><img loading=\"lazy\" decoding=\"async\" width=\"179\" height=\"146\" src=\"https:\/\/villabauhinia.com\/wp-content\/uploads\/2023\/11\/fleur-villa.png\" class=\"vc_single_image-img attachment-full\" alt=\"Villa Bauhinia\" title=\"Villa Bauhinia\" \/><\/div>\r\n\t\t<\/figure>\r\n\t<\/div>\r\n<h2 style=\"text-align: center\"  class=\"vc_custom_heading fleur-tiret-bas\" >Why Bauhinia... ?<\/h2>\r\n\t<div class=\"wpb_text_column wpb_content_element\" >\r\n\t\t<div class=\"wpb_wrapper\">\r\n\t\t\t<p>In our search for a name that would embody the essence of our union, our journey, and our deep connection to nature, Bauhinia emerged as the perfect choice.<\/p>\n<p>Savez-vous que c\u2019est La <strong>fleur embl\u00e9matique de Hong Kong <\/strong>? L\u2019ile o\u00f9 l\u2019on s\u2019est rencontr\u00e9s, une ville qui a marqu\u00e9 notre vie d\u2019une empreinte ind\u00e9l\u00e9bile.<\/p>\n<p><em><strong>Bauhinia<\/strong> <\/em>repr\u00e9sente bien plus qu\u2019une simple fleur, elle incarne toute une symbolique. Elle \u00e9voque l\u2019harmonie, la beaut\u00e9 et la r\u00e9silience.<\/p>\n<p>En hommage \u00e0 la ville qui a scelle notre destin\u00e9e, nous avons plant\u00e9 <strong>3 arbres<\/strong> qui bordent la propri\u00e9t\u00e9.<\/p>\n\r\n\t\t<\/div>\r\n\t<\/div>\r\n<\/div><\/div><\/div><div data-vc-parallax=\"1.5\" data-vc-parallax-image=\"https:\/\/villabauhinia.com\/wp-content\/uploads\/2024\/03\/nature-min.jpg\" class=\"col2 wpb_column vc_column_container vc_col-sm-6 vc_col-has-fill vc_general vc_parallax vc_parallax-content-moving\"><div class=\"vc_column-inner\"><div class=\"wpb_wrapper\"><\/div><\/div><\/div><\/div><div class=\"vc_row-full-width vc_clearfix\"><\/div><div data-a13-sticky-one-page-icon-title=\"\" class=\"vc_row wpb_row vc_row-fluid rangee-bouton-reservation wpb_animate_when_almost_visible wpb_fadeIn fadeIn\"><div class=\"wpb_column vc_column_container vc_col-sm-12\"><div class=\"vc_column-inner\"><div class=\"wpb_wrapper\"><div class=\"vc_btn3-container vc_btn3-center\" ><a class=\"vc_general vc_btn3 vc_btn3-size-md vc_btn3-shape-square vc_btn3-style-flat vc_btn3-color-white\" href=\"https:\/\/villabauhinia.com\/en\/demande-de-reservation\/\" title=\"R\u00e9server la villa\">Book your stay<\/a><\/div><\/div><\/div><\/div><\/div><div data-a13-sticky-one-page-icon-title=\"\" data-vc-full-width=\"true\" data-vc-full-width-init=\"false\" data-vc-stretch-content=\"true\" class=\"vc_row wpb_row vc_row-fluid rangee-insta wpb_animate_when_almost_visible wpb_fadeIn fadeIn vc_custom_1700485796588 vc_row-has-fill\"><div class=\"wpb_column vc_column_container vc_col-sm-12\"><div class=\"vc_column-inner\"><div class=\"wpb_wrapper\"><h2 style=\"text-align: center\"  class=\"vc_custom_heading fleur-tiret-bas\" ><a href=\"https:\/\/www.instagram.com\/villabauhinia\/\" target=\"_blank\" title=\"La Villa Bauhinia sur Instagram\">Suivez notre aventure sur Instagram<\/a><\/h2><h2 style=\"text-align: center;font-family:Dancing Script;font-weight:400;font-style:normal\"  class=\"vc_custom_heading\" ><a href=\"https:\/\/www.instagram.com\/villabauhinia\/\" target=\"_blank\" title=\"Villa Bauhinia sur Instagram\">@villabauhinia<\/a><\/h2>\r\n\t<div class=\"wpb_raw_code wpb_content_element wpb_raw_html\" >\r\n\t\t<div class=\"wpb_wrapper\">\r\n\t\t\t<div class=\"elfsight-app-f9326da5-4a88-4fd4-adb0-286dac852f3d\" data-elfsight-app-lazy><\/div>\r\n\t\t<\/div>\r\n\t<\/div>\r\n<\/div><\/div><\/div><\/div><div class=\"vc_row-full-width vc_clearfix\"><\/div><div data-a13-sticky-one-page-icon-title=\"\" data-vc-full-width=\"true\" data-vc-full-width-init=\"false\" data-vc-stretch-content=\"true\" class=\"vc_row wpb_row vc_row-fluid rangee-separateur vc_custom_1700486472111 vc_row-has-fill\"><div class=\"wpb_column vc_column_container vc_col-sm-12\"><div class=\"vc_column-inner\"><div class=\"wpb_wrapper\"><div class=\"vc_empty_space\"   style=\"height: 50px\"><span class=\"vc_empty_space_inner\"><\/span><\/div><\/div><\/div><\/div><\/div><div class=\"vc_row-full-width vc_clearfix\"><\/div>\n<\/div>","protected":false},"excerpt":{"rendered":"Notre Histoire : Villa Bauhinia, un lieu d\u2019exception dans le Golfe de Saint-Tropez La nature comme source d'inspiration La nature a toujours \u00e9t\u00e9 notre&hellip;\r\n <p> <a class=\"more-link\" href=\"https:\/\/villabauhinia.com\/en\/notre-histoire\/\">Read more<\/a><\/p>","protected":false},"author":1,"featured_media":0,"parent":0,"menu_order":0,"comment_status":"closed","ping_status":"closed","template":"","meta":{"footnotes":""},"class_list":["post-9413","page","type-page","status-publish"],"aioseo_notices":[],"_links":{"self":[{"href":"https:\/\/villabauhinia.com\/en\/wp-json\/wp\/v2\/pages\/9413","targetHints":{"allow":["GET"]}}],"collection":[{"href":"https:\/\/villabauhinia.com\/en\/wp-json\/wp\/v2\/pages"}],"about":[{"href":"https:\/\/villabauhinia.com\/en\/wp-json\/wp\/v2\/types\/page"}],"author":[{"embeddable":true,"href":"https:\/\/villabauhinia.com\/en\/wp-json\/wp\/v2\/users\/1"}],"replies":[{"embeddable":true,"href":"https:\/\/villabauhinia.com\/en\/wp-json\/wp\/v2\/comments?post=9413"}],"version-history":[{"count":21,"href":"https:\/\/villabauhinia.com\/en\/wp-json\/wp\/v2\/pages\/9413\/revisions"}],"predecessor-version":[{"id":9828,"href":"https:\/\/villabauhinia.com\/en\/wp-json\/wp\/v2\/pages\/9413\/revisions\/9828"}],"wp:attachment":[{"href":"https:\/\/villabauhinia.com\/en\/wp-json\/wp\/v2\/media?parent=9413"}],"curies":[{"name":"wp","href":"https:\/\/api.w.org\/{rel}","templated":true}]}}