{"id":9431,"date":"2024-02-21T08:33:17","date_gmt":"2024-02-21T07:33:17","guid":{"rendered":"https:\/\/test.jourdan-creation.com\/bauhinia\/?page_id=9431"},"modified":"2024-02-21T08:38:50","modified_gmt":"2024-02-21T07:38:50","slug":"demande-de-reservation","status":"publish","type":"page","link":"https:\/\/villabauhinia.com\/en\/demande-de-reservation\/","title":{"rendered":"Booking request"},"content":{"rendered":"<div class=\"wpb-content-wrapper\"><div data-a13-sticky-one-page-icon-title=\"\" id=\"demande-de-reservation\" data-vc-full-width=\"true\" data-vc-full-width-init=\"false\" class=\"vc_row wpb_row vc_row-fluid formulaire-chambre wpb_animate_when_almost_visible wpb_fadeIn fadeIn vc_custom_1708097430441 vc_row-has-fill\"><div class=\"wpb_column vc_column_container vc_col-sm-12\"><div class=\"vc_column-inner\"><div class=\"wpb_wrapper\">\r\n\t<div  class=\"wpb_single_image wpb_content_element vc_align_center   fleur\">\r\n\t\t\r\n\t\t<figure class=\"wpb_wrapper vc_figure\">\r\n\t\t\t<div class=\"vc_single_image-wrapper   vc_box_border_grey\"><img loading=\"lazy\" decoding=\"async\" width=\"179\" height=\"146\" src=\"https:\/\/villabauhinia.com\/wp-content\/uploads\/2023\/11\/fleur-villa.png\" class=\"vc_single_image-img attachment-full\" alt=\"Villa Bauhinia\" title=\"Villa Bauhinia\" \/><\/div>\r\n\t\t<\/figure>\r\n\t<\/div>\r\n<h2 style=\"text-align: center\"  class=\"vc_custom_heading fleur-tiret-bas\" >Booking request<\/h2>\r\n\t<div class=\"wpb_raw_code wpb_content_element wpb_raw_html\" >\r\n\t\t<div class=\"wpb_wrapper\">\r\n\t\t\t<div class=\"frm_forms  with_frm_style frm_style_style-formidable\" id=\"frm_form_3_container\" >\n<form enctype=\"multipart\/form-data\" method=\"post\" class=\"frm-show-form\" id=\"form_page-les-chambres\" action=\"\" >\n<div class=\"frm_form_fields\">\n<fieldset>\n<legend class=\"frm_screen_reader\">Formulaire de r\u00e9servation<\/legend>\r\n\r\n<div class=\"frm_fields_container\">\n<input type=\"hidden\" name=\"frm_action\" value=\"create\" \/>\n<input type=\"hidden\" name=\"form_id\" value=\"3\" \/>\n<input type=\"hidden\" name=\"frm_hide_fields_3\" id=\"frm_hide_fields_3\" value=\"\" \/>\n<input type=\"hidden\" name=\"form_key\" value=\"page-les-chambres\" \/>\n<input type=\"hidden\" name=\"item_meta[0]\" value=\"\" \/>\n<input type=\"hidden\" id=\"frm_submit_entry_3\" name=\"frm_submit_entry_3\" value=\"24a816d532\" \/><input type=\"hidden\" name=\"_wp_http_referer\" value=\"\/en\/wp-json\/wp\/v2\/pages\/9431\" \/><div id=\"frm_field_11_container\" class=\"frm_form_field form-field  frm_required_field frm_top_container frm6 frm_first\">\r\n    <label for=\"field_5q9iz2\" id=\"field_5q9iz2_label\" class=\"frm_primary_label\">Last name*\r\n        <span class=\"frm_required\" aria-hidden=\"true\"><\/span>\r\n    <\/label>\r\n    <input type=\"text\" id=\"field_5q9iz2\" name=\"item_meta[11]\" value=\"\"  data-reqmsg=\"Champ obligatoire\" aria-required=\"true\" data-invmsg=\"est non valide\" aria-invalid=\"false\"  \/>\r\n    \r\n    \r\n<\/div>\n<div id=\"frm_field_12_container\" class=\"frm_form_field form-field  frm_required_field frm_top_container frm6\">\r\n    <label for=\"field_29yf4d3\" id=\"field_29yf4d3_label\" class=\"frm_primary_label\">First name*\r\n        <span class=\"frm_required\" aria-hidden=\"true\"><\/span>\r\n    <\/label>\r\n    <input type=\"text\" id=\"field_29yf4d3\" name=\"item_meta[12]\" value=\"\"  data-reqmsg=\"Champ obligatoire\" aria-required=\"true\" data-invmsg=\"est non valide\" aria-invalid=\"false\"  \/>\r\n    \r\n    \r\n<\/div>\n<div id=\"frm_field_13_container\" class=\"frm_form_field form-field  frm_required_field frm_top_container frm_half\">\r\n    <label for=\"field_uj7ko2\" id=\"field_uj7ko2_label\" class=\"frm_primary_label\">Phone number*\r\n        <span class=\"frm_required\" aria-hidden=\"true\"><\/span>\r\n    <\/label>\r\n    <input type=\"tel\" id=\"field_uj7ko2\" name=\"item_meta[13]\" value=\"\"  data-reqmsg=\"Champ obligatoire\" aria-required=\"true\" data-invmsg=\"est non valide\" aria-invalid=\"false\" pattern=\"((\\+\\d{1,3}(-|.| )?\\(?\\d\\)?(-| |.)?\\d{1,5})|(\\(?\\d{2,6}\\)?))(-|.| )?(\\d{3,4})(-|.| )?(\\d{4})(( x| ext)\\d{1,5}){0,1}$\"  \/>\r\n    \r\n    \r\n<\/div>\n<div id=\"frm_field_14_container\" class=\"frm_form_field form-field  frm_required_field frm_top_container frm_half\">\r\n    <label for=\"field_zqzlj2\" id=\"field_zqzlj2_label\" class=\"frm_primary_label\">E-mail address*\r\n        <span class=\"frm_required\" aria-hidden=\"true\"><\/span>\r\n    <\/label>\r\n    <input type=\"email\" id=\"field_zqzlj2\" name=\"item_meta[14]\" value=\"\"  data-reqmsg=\"Champ obligatoire\" aria-required=\"true\" data-invmsg=\"Merci de saisir une adresse e-mail valide\" aria-invalid=\"false\"  \/>\r\n    \r\n    \r\n<\/div>\n<div id=\"frm_field_15_container\" class=\"frm_form_field form-field  frm_required_field frm_top_container frm6 frm_first\">\r\n    <label for=\"field_2pvln2\" id=\"field_2pvln2_label\" class=\"frm_primary_label\">Arrival date*\r\n        <span class=\"frm_required\" aria-hidden=\"true\"><\/span>\r\n    <\/label>\r\n    <input type=\"text\" id=\"field_2pvln2\" name=\"item_meta[15]\" value=\"\"  data-reqmsg=\"Champ obligatoire\" aria-required=\"true\" data-invmsg=\"est non valide\" aria-invalid=\"false\"  \/>\r\n    \r\n    \r\n<\/div>\n<div id=\"frm_field_18_container\" class=\"frm_form_field form-field  frm_required_field frm_top_container frm6\">\r\n    <label for=\"field_2isrx\" id=\"field_2isrx_label\" class=\"frm_primary_label\">Departure date*\r\n        <span class=\"frm_required\" aria-hidden=\"true\"><\/span>\r\n    <\/label>\r\n    <input type=\"text\" id=\"field_2isrx\" name=\"item_meta[18]\" value=\"\"  data-reqmsg=\"Champ obligatoire\" aria-required=\"true\" data-invmsg=\"est non valide\" aria-invalid=\"false\"  \/>\r\n    \r\n    \r\n<\/div>\n<div id=\"frm_field_20_container\" class=\"frm_form_field form-field  frm_required_field frm_top_container frm6 frm_first\">\r\n    <label for=\"field_65tv3\" id=\"field_65tv3_label\" class=\"frm_primary_label\">Number of persons*\r\n        <span class=\"frm_required\" aria-hidden=\"true\"><\/span>\r\n    <\/label>\r\n    <input type=\"text\" id=\"field_65tv3\" name=\"item_meta[20]\" value=\"\"  data-reqmsg=\"Champ obligatoire\" aria-required=\"true\" data-invmsg=\"est non valide\" aria-invalid=\"false\"  \/>\r\n    \r\n    \r\n<\/div>\n<div id=\"frm_field_19_container\" class=\"frm_form_field form-field  frm_top_container frm6\">\r\n    <label for=\"field_geljz\" id=\"field_geljz_label\" class=\"frm_primary_label\">Company name (if applicable):\r\n        <span class=\"frm_required\" aria-hidden=\"true\"><\/span>\r\n    <\/label>\r\n    <input type=\"text\" id=\"field_geljz\" name=\"item_meta[19]\" value=\"\"  data-invmsg=\"est non valide\" aria-invalid=\"false\"  \/>\r\n    \r\n    \r\n<\/div>\n<div id=\"frm_field_16_container\" class=\"frm_form_field form-field  frm_required_field frm_top_container frm12\">\r\n    <label for=\"field_cvus42\" id=\"field_cvus42_label\" class=\"frm_primary_label\">Your message*\r\n        <span class=\"frm_required\" aria-hidden=\"true\"><\/span>\r\n    <\/label>\r\n    <textarea name=\"item_meta[16]\" id=\"field_cvus42\"  data-reqmsg=\"Champ obligatoire\" aria-required=\"true\" data-invmsg=\"Votre message* is invalid\" aria-invalid=\"false\"  ><\/textarea>\r\n    \r\n    \r\n<\/div>\n<div id=\"frm_field_17_container\" class=\"frm_form_field form-field  frm_none_container\">\r\n    <label for=\"g-recaptcha-response\" id=\"field_dlm3l2_label\" class=\"frm_primary_label\">Captcha\r\n        <span class=\"frm_required\" aria-hidden=\"true\"><\/span>\r\n    <\/label>\r\n    <div  id=\"field_dlm3l2\" class=\"frm-g-recaptcha\" data-sitekey=\"6Lc2ZPkpAAAAAHgLztUPnQ4r8cZsUc-bMP_6OQ_z\" data-size=\"invisible\" data-theme=\"light\"><\/div>\r\n    \r\n    \r\n<\/div>\n<div id=\"frm_field_21_container\" class=\"frm_form_field form-field\">\r\n\t<div class=\"frm_submit\">\r\n\r\n<button class=\"frm_button_submit\" type=\"submit\"  >Send<\/button>\r\n\r\n\r\n<\/div>\r\n<\/div>\n\t<input type=\"hidden\" name=\"item_key\" value=\"\" \/>\n\t\t\t<div id=\"frm_field_24_container\">\n\t\t\t<label for=\"field_sz9qg\" >\n\t\t\t\tIf you are human, leave this field blank.\t\t\t<\/label>\n\t\t\t<input  id=\"field_sz9qg\" type=\"text\" class=\"frm_form_field form-field frm_verify\" name=\"item_meta[24]\" value=\"\"  \/>\n\t\t<\/div>\n\t\t<input name=\"frm_state\" type=\"hidden\" value=\"rTp+6C6MEs8I00wj+c2Od1QA06UGLqQJ091ToUQyBe4=\" \/><\/div>\n<\/fieldset>\n<\/div>\n\n<input type=\"hidden\" name=\"trp-form-language\" value=\"en\"\/><\/form>\n<\/div>\n\r\n\t\t<\/div>\r\n\t<\/div>\r\n<\/div><\/div><\/div><\/div><div class=\"vc_row-full-width vc_clearfix\"><\/div><div data-a13-sticky-one-page-icon-title=\"\" data-vc-full-width=\"true\" data-vc-full-width-init=\"false\" data-vc-stretch-content=\"true\" class=\"vc_row wpb_row vc_row-fluid rangee-insta wpb_animate_when_almost_visible wpb_fadeIn fadeIn vc_custom_1700485796588 vc_row-has-fill\"><div class=\"wpb_column vc_column_container vc_col-sm-12\"><div class=\"vc_column-inner\"><div class=\"wpb_wrapper\">\r\n\t<div  class=\"wpb_single_image wpb_content_element vc_align_center   fleur\">\r\n\t\t\r\n\t\t<figure class=\"wpb_wrapper vc_figure\">\r\n\t\t\t<div class=\"vc_single_image-wrapper   vc_box_border_grey\"><img loading=\"lazy\" decoding=\"async\" width=\"179\" height=\"146\" src=\"https:\/\/villabauhinia.com\/wp-content\/uploads\/2023\/11\/fleur-villa.png\" class=\"vc_single_image-img attachment-full\" alt=\"Villa Bauhinia\" title=\"Villa Bauhinia\" \/><\/div>\r\n\t\t<\/figure>\r\n\t<\/div>\r\n<h2 style=\"text-align: center\"  class=\"vc_custom_heading fleur-tiret-bas\" ><a href=\"https:\/\/www.instagram.com\/villabauhinia\/\" target=\"_blank\" title=\"La Villa Bauhinia sur Instagram\">Follow Villa Bauhinia on Instagram<\/a><\/h2><h4 style=\"text-align: center;font-family:Dancing Script;font-weight:400;font-style:normal\"  class=\"vc_custom_heading\" ><a href=\"https:\/\/www.instagram.com\/villabauhinia\/\" target=\"_blank\" title=\"Villa Bauhinia sur Instagram\">@villabauhinia<\/a><\/h4>\r\n\t<div class=\"wpb_raw_code wpb_content_element wpb_raw_html\" >\r\n\t\t<div class=\"wpb_wrapper\">\r\n\t\t\t<div class=\"elfsight-app-f9326da5-4a88-4fd4-adb0-286dac852f3d\" data-elfsight-app-lazy><\/div>\r\n\t\t<\/div>\r\n\t<\/div>\r\n<\/div><\/div><\/div><\/div><div class=\"vc_row-full-width vc_clearfix\"><\/div>\n<\/div>","protected":false},"excerpt":{"rendered":"Demande de r\u00e9servation Formulaire de r\u00e9servation Nom* Pr\u00e9nom* T\u00e9l\u00e9phone* E-mail* Date d'arriv\u00e9e* Date de d\u00e9part* Nombre de personnes* Nom de l'entreprise Votre message* Captcha&hellip;\r\n <p> <a class=\"more-link\" href=\"https:\/\/villabauhinia.com\/en\/demande-de-reservation\/\">Read more<\/a><\/p>","protected":false},"author":1,"featured_media":0,"parent":0,"menu_order":0,"comment_status":"closed","ping_status":"closed","template":"","meta":{"footnotes":""},"class_list":["post-9431","page","type-page","status-publish"],"aioseo_notices":[],"_links":{"self":[{"href":"https:\/\/villabauhinia.com\/en\/wp-json\/wp\/v2\/pages\/9431","targetHints":{"allow":["GET"]}}],"collection":[{"href":"https:\/\/villabauhinia.com\/en\/wp-json\/wp\/v2\/pages"}],"about":[{"href":"https:\/\/villabauhinia.com\/en\/wp-json\/wp\/v2\/types\/page"}],"author":[{"embeddable":true,"href":"https:\/\/villabauhinia.com\/en\/wp-json\/wp\/v2\/users\/1"}],"replies":[{"embeddable":true,"href":"https:\/\/villabauhinia.com\/en\/wp-json\/wp\/v2\/comments?post=9431"}],"version-history":[{"count":2,"href":"https:\/\/villabauhinia.com\/en\/wp-json\/wp\/v2\/pages\/9431\/revisions"}],"predecessor-version":[{"id":9433,"href":"https:\/\/villabauhinia.com\/en\/wp-json\/wp\/v2\/pages\/9431\/revisions\/9433"}],"wp:attachment":[{"href":"https:\/\/villabauhinia.com\/en\/wp-json\/wp\/v2\/media?parent=9431"}],"curies":[{"name":"wp","href":"https:\/\/api.w.org\/{rel}","templated":true}]}}